{"id":29070,"date":"2026-03-21T20:32:16","date_gmt":"2026-03-21T20:32:16","guid":{"rendered":"https:\/\/temovision.com\/?post_type=product&#038;p=29070"},"modified":"2026-05-03T00:47:41","modified_gmt":"2026-05-02T23:47:41","slug":"starlink-mini","status":"publish","type":"product","link":"https:\/\/temovision.com\/fr\/product\/starlink-mini\/","title":{"rendered":"Kit Starlink Mini"},"content":{"rendered":"<p><strong>Starlink Mini Kit Prix au Cameroun<\/strong><\/p>\n<p>Les principales caract\u00e9ristiques du Starlink Mini sont les suivantes<\/p>\n<ul>\n<li>Marque : Starlink<\/li>\n<li class=\"whitespace-normal break-words\">Couverture : Accessibilit\u00e9 mondiale, satellites en orbite basse (LEO)<\/li>\n<li class=\"whitespace-normal break-words\">Vitesse : 50 - 200+ Mbps<\/li>\n<li class=\"whitespace-normal break-words\">Temps de latence : 20 - 40 ms<\/li>\n<li class=\"whitespace-normal break-words\">Installation : Auto-installation, alignement automatique de la parabole<\/li>\n<li class=\"whitespace-normal break-words\">Fiabilit\u00e9 : Connectivit\u00e9 constante, mises \u00e0 jour automatiques<\/li>\n<\/ul>\n<h2>Caract\u00e9ristiques principales du mini kit Starlink<\/h2>\n<table>\n<tbody>\n<tr>\n<td>Poids de l'emballage<\/td>\n<td>6,73 kg (14,83 lbs)<\/td>\n<\/tr>\n<tr>\n<td>Dimensions de l'emballage<\/td>\n<td>430 x 334 x 79 mm (16,92 x 13,14 x 3,11 in)<\/td>\n<\/tr>\n<tr>\n<td>Antenne<\/td>\n<td>R\u00e9seau \u00e9lectronique \u00e0 commande de phase<\/td>\n<\/tr>\n<tr>\n<td>Champ de vision<\/td>\n<td>110 \u00b0<\/td>\n<\/tr>\n<tr>\n<td>Orientation<\/td>\n<td>Orientation manuelle assist\u00e9e par logiciel<\/td>\n<\/tr>\n<tr>\n<td>Poids<\/td>\n<td>1,10 kg (2,43 lb)<br \/>\n1,16 kg (2,56 lb) avec la b\u00e9quille<br \/>\n1,53 kg (3,37 lb) avec la b\u00e9quille et le c\u00e2ble de 15 m<\/td>\n<\/tr>\n<tr>\n<td>\u00c9valuation environnementale<\/td>\n<td>IP67 Type 4 avec le c\u00e2ble d'alimentation DC et le c\u00e2ble Starlink install\u00e9s<\/td>\n<\/tr>\n<tr>\n<td>Temp\u00e9rature de fonctionnement<\/td>\n<td>De -30\u00b0C \u00e0 50\u00b0C (de -22\u00b0F \u00e0 122\u00b0F)<\/td>\n<\/tr>\n<tr>\n<td>Vitesse du vent<\/td>\n<td>Op\u00e9rationnel : 96 km\/h+ (60 mph+)<\/td>\n<\/tr>\n<tr>\n<td>Capacit\u00e9 de fonte des neiges<\/td>\n<td>Jusqu'\u00e0 25 mm \/ heure (1 pouce \/ heure)<\/td>\n<\/tr>\n<tr>\n<td>Consommation \u00e9lectrique<\/td>\n<td>Moyenne : 25-40W<\/td>\n<\/tr>\n<tr>\n<td>Puissance d'entr\u00e9e<\/td>\n<td>12-48V 60W (c\u00e2ble Starlink court 12v bient\u00f4t disponible dans la boutique)<\/td>\n<\/tr>\n<tr>\n<td>Exigences en mati\u00e8re d'USB PD<\/td>\n<td>100W, 20V\/5A minimum (avec l'accessoire Starlink USB-C to Barrel Jack Cable)<\/td>\n<\/tr>\n<tr>\n<td>Technologie Wi-Fi<\/td>\n<td>802.11a\/b\/g\/n\/ac<\/td>\n<\/tr>\n<tr>\n<td>G\u00e9n\u00e9ration<\/td>\n<td>WiFi 5<\/td>\n<\/tr>\n<tr>\n<td>Radio<\/td>\n<td>Double bande 3 x 3 MU-MIMO<\/td>\n<\/tr>\n<tr>\n<td>Ports Ethernet<\/td>\n<td>Un (1) port LAN Ethernet \u00e0 verrouillage avec prise Starlink<\/td>\n<\/tr>\n<tr>\n<td>Couverture<\/td>\n<td>Jusqu'\u00e0 112 m\u00b2 (1 200 pi\u00b2)<\/td>\n<\/tr>\n<tr>\n<td>S\u00e9curit\u00e9<\/td>\n<td>WPA2<\/td>\n<\/tr>\n<tr>\n<td>Indicateur de puissance<\/td>\n<td>Plaque frontale arri\u00e8re LED, coin inf\u00e9rieur gauche<\/td>\n<\/tr>\n<tr>\n<td>Compatibilit\u00e9 des mailles<\/td>\n<td>Compatible avec tous les syst\u00e8mes de maillage Starlink *Non compatible avec les syst\u00e8mes de maillage tiers<\/td>\n<\/tr>\n<tr>\n<td>Dispositifs<\/td>\n<td>Connecter jusqu'\u00e0 128 appareils<\/td>\n<\/tr>\n<\/tbody>\n<\/table>\n<p>&nbsp;<\/p>","protected":false},"excerpt":{"rendered":"<p>D\u00e9couvrez la puissance de l'internet par satellite avec le Starlink Mini Kit, la solution parfaite pour ceux qui ont besoin d'un internet rapide et fiable dans les zones difficiles d'acc\u00e8s.<\/p>","protected":false},"featured_media":29071,"comment_status":"open","ping_status":"closed","template":"","meta":{"_acf_changed":false,"_gspb_post_css":""},"product_brand":[684],"product_cat":[621],"product_tag":[],"class_list":{"0":"post-29070","1":"product","2":"type-product","3":"status-publish","4":"has-post-thumbnail","6":"product_brand-starlink","7":"product_cat-internet-routers","9":"first","10":"instock","11":"featured","12":"taxable","13":"shipping-taxable","14":"purchasable","15":"product-type-simple"},"acf":[],"ct_brands":[{"id":684,"name":"Starlink","slug":"starlink"}],"_links":{"self":[{"href":"https:\/\/temovision.com\/fr\/wp-json\/wp\/v2\/product\/29070","targetHints":{"allow":["GET"]}}],"collection":[{"href":"https:\/\/temovision.com\/fr\/wp-json\/wp\/v2\/product"}],"about":[{"href":"https:\/\/temovision.com\/fr\/wp-json\/wp\/v2\/types\/product"}],"replies":[{"embeddable":true,"href":"https:\/\/temovision.com\/fr\/wp-json\/wp\/v2\/comments?post=29070"}],"wp:featuredmedia":[{"embeddable":true,"href":"https:\/\/temovision.com\/fr\/wp-json\/wp\/v2\/media\/29071"}],"wp:attachment":[{"href":"https:\/\/temovision.com\/fr\/wp-json\/wp\/v2\/media?parent=29070"}],"wp:term":[{"taxonomy":"product_brand","embeddable":true,"href":"https:\/\/temovision.com\/fr\/wp-json\/wp\/v2\/product_brand?post=29070"},{"taxonomy":"product_cat","embeddable":true,"href":"https:\/\/temovision.com\/fr\/wp-json\/wp\/v2\/product_cat?post=29070"},{"taxonomy":"product_tag","embeddable":true,"href":"https:\/\/temovision.com\/fr\/wp-json\/wp\/v2\/product_tag?post=29070"}],"curies":[{"name":"wp","href":"https:\/\/api.w.org\/{rel}","templated":true}]}}