{"id":22937,"date":"2026-03-18T00:24:17","date_gmt":"2026-03-18T00:24:17","guid":{"rendered":"https:\/\/temovision.com\/?post_type=product&#038;p=22937"},"modified":"2026-03-23T02:45:27","modified_gmt":"2026-03-23T02:45:27","slug":"kit-standard-starlink-gen-3","status":"publish","type":"product","link":"https:\/\/temovision.com\/fr\/product\/starlink-standard-kit-gen-3\/","title":{"rendered":"Kit standard Starlink Gen 3 V4"},"content":{"rendered":"<p>Le kit Starlink Standard Gen 3 V4 se vend \u00e0 375 000 CFA au Cameroun, \u00e0 la fois en ligne et dans les magasins physiques.<\/p>\n<p><strong>Plan de service requis<\/strong><\/p>\n<p>Activez Starlink en s\u00e9lectionnant un plan de service adapt\u00e9 \u00e0 vos besoins personnels. Choisissez parmi les plans adapt\u00e9s aux m\u00e9nages ou aux voyages.<\/p>\n<p><strong>Utilisation au m\u00eame endroit ou en d\u00e9placement<\/strong><\/p>\n<p><a href=\"https:\/\/temovision.com\/fr\/starlink-cameroun\/\">Service Starlink<\/a> Les plans de Starlink peuvent \u00eatre utilis\u00e9s \u00e0 un seul endroit ou en d\u00e9placement. L'installation de Starlink peut \u00eatre personnalis\u00e9e pour une installation permanente et fixe en utilisant les supports et accessoires officiels de Starlink disponibles \u00e0 l'achat dans l'application Starlink.<\/p>\n<p><strong>En ligne en quelques minutes<\/strong><\/p>\n<p>L'installation de Starlink se fait en deux \u00e9tapes seulement. Branchez-le et pointez-le vers le ciel. Starlink est livr\u00e9 avec tout ce qui est n\u00e9cessaire pour se connecter, y compris une b\u00e9quille, un routeur Gen 3 avec 2 ports Ethernet, des c\u00e2bles et un bloc d'alimentation.<\/p>\n<p><strong>Regarder des films en streaming, passer des appels vid\u00e9o, jouer et plus encore<\/strong><\/p>\n<p>Avec Starlink, les utilisateurs peuvent se livrer \u00e0 des activit\u00e9s qui n'ont jamais \u00e9t\u00e9 possibles avec l'internet par satellite.<\/p>\n<p><strong>N\u00e9cessite une vue claire du ciel<\/strong><\/p>\n<p>Starlink n\u00e9cessite une vue d\u00e9gag\u00e9e du ciel pour se connecter aux satellites.<\/p>\n<p><strong>Routeur Wi-Fi Gen 3<\/strong><\/p>\n<p>Le Starlink Standard est livr\u00e9 avec un routeur Gen 3 dot\u00e9 de 2 ports Ethernet, du Wi-Fi 6, d'une port\u00e9e allant jusqu'\u00e0 297 m2 et de la possibilit\u00e9 de connecter jusqu'\u00e0 235 appareils.<\/p>\n<p><strong>R\u00e9sistant aux intemp\u00e9ries<\/strong><\/p>\n<p>Con\u00e7u pour r\u00e9sister aux \u00e9l\u00e9ments. Il peut faire fondre la neige et r\u00e9sister \u00e0 la neige fondue, aux fortes pluies et aux vents violents.<\/p>\n<p><strong>T\u00e9l\u00e9charger l'application StarlinK<\/strong><\/p>\n<p>Trouvez une vue d\u00e9gag\u00e9e du ciel, d\u00e9terminez le meilleur emplacement d'installation, d\u00e9couvrez les montures et les accessoires, et g\u00e9rez votre compte.<\/p>\n<table>\n<tbody>\n<tr class=\"a-spacing-small po-brand\">\n<td class=\"a-span3\"><strong><span class=\"a-size-base a-text-bold\">Marque<\/span><\/strong><\/td>\n<td class=\"a-span9\">Starlink<\/td>\n<\/tr>\n<tr class=\"a-spacing-small po-model_name\">\n<td class=\"a-span3\"><strong><span class=\"a-size-base a-text-bold\">Nom du mod\u00e8le<\/span><\/strong><\/td>\n<td class=\"a-span9\">Kit standard Gen 3 v4<\/td>\n<\/tr>\n<tr class=\"a-spacing-small po-style\">\n<td class=\"a-span3\"><strong>Placement du canal<\/strong><\/td>\n<td class=\"a-span9\">Vue d\u00e9gag\u00e9e du ciel requise<\/td>\n<\/tr>\n<tr class=\"a-spacing-small po-color\">\n<td class=\"a-span3\"><strong><span class=\"a-size-base a-text-bold\">Couleurs<\/span><\/strong><\/td>\n<td class=\"a-span9\">blanc<\/td>\n<\/tr>\n<tr class=\"a-spacing-small po-display.size\">\n<td class=\"a-span3\"><strong>R\u00e9sistant aux intemp\u00e9ries<\/strong><\/td>\n<td class=\"a-span9\">tous temps<\/td>\n<\/tr>\n<tr class=\"a-spacing-small po-special_feature\">\n<td class=\"a-span3\"><strong><span class=\"a-size-base a-text-bold\">Connectivit\u00e9<br \/>\n<\/span><\/strong><\/td>\n<td class=\"a-span9\"><span class=\"a-size-base po-break-word\">Application Starlink<br \/>\n<\/span><\/td>\n<\/tr>\n<tr class=\"a-spacing-small po-item_shape\">\n<td class=\"a-span3\"><strong>Contrats<\/strong><\/td>\n<td class=\"a-span9\">Non<\/td>\n<\/tr>\n<tr class=\"a-spacing-small po-target_audience\">\n<td class=\"a-span3\"><strong>Couverture<\/strong><\/td>\n<td class=\"a-span9\">Mondial<\/td>\n<\/tr>\n<tr class=\"a-spacing-small po-age_range_description\">\n<td class=\"a-span3\"><strong>Champ de vision<br \/>\n<\/strong><\/td>\n<td class=\"a-span9\">110 degr\u00e9s<\/td>\n<\/tr>\n<tr class=\"a-spacing-small po-compatible_devices\">\n<td class=\"a-span3\"><strong><span class=\"a-size-base a-text-bold\">Orientation<br \/>\n<\/span><\/strong><\/td>\n<td class=\"a-span9\">Logiciel assist\u00e9<\/td>\n<\/tr>\n<\/tbody>\n<\/table>","protected":false},"excerpt":{"rendered":"<p>Con\u00e7u par SpaceX, Starlink est destin\u00e9 \u00e0 fournir un acc\u00e8s internet \u00e0 haut d\u00e9bit et \u00e0 faible latence aux r\u00e9gions les plus rurales et les plus recul\u00e9es du monde.<\/p>\n<ul>\n<li>Utilisation au m\u00eame endroit ou en d\u00e9placement<\/li>\n<li>Plan de service requis<\/li>\n<li>Regarder des films en streaming, passer des appels vid\u00e9o, jouer et plus encore<\/li>\n<li>Pas de contrat<\/li>\n<li>N\u00e9cessite une vue claire du ciel<\/li>\n<\/ul>","protected":false},"featured_media":25610,"comment_status":"open","ping_status":"closed","template":"","meta":{"_acf_changed":false,"_gspb_post_css":""},"product_brand":[684],"product_cat":[621],"product_tag":[],"class_list":{"0":"post-22937","1":"product","2":"type-product","3":"status-publish","4":"has-post-thumbnail","6":"product_brand-starlink","7":"product_cat-internet-routers","9":"first","10":"instock","11":"featured","12":"taxable","13":"shipping-taxable","14":"purchasable","15":"product-type-simple"},"acf":[],"ct_brands":[{"id":684,"name":"Starlink","slug":"starlink"}],"_links":{"self":[{"href":"https:\/\/temovision.com\/fr\/wp-json\/wp\/v2\/product\/22937","targetHints":{"allow":["GET"]}}],"collection":[{"href":"https:\/\/temovision.com\/fr\/wp-json\/wp\/v2\/product"}],"about":[{"href":"https:\/\/temovision.com\/fr\/wp-json\/wp\/v2\/types\/product"}],"replies":[{"embeddable":true,"href":"https:\/\/temovision.com\/fr\/wp-json\/wp\/v2\/comments?post=22937"}],"wp:featuredmedia":[{"embeddable":true,"href":"https:\/\/temovision.com\/fr\/wp-json\/wp\/v2\/media\/25610"}],"wp:attachment":[{"href":"https:\/\/temovision.com\/fr\/wp-json\/wp\/v2\/media?parent=22937"}],"wp:term":[{"taxonomy":"product_brand","embeddable":true,"href":"https:\/\/temovision.com\/fr\/wp-json\/wp\/v2\/product_brand?post=22937"},{"taxonomy":"product_cat","embeddable":true,"href":"https:\/\/temovision.com\/fr\/wp-json\/wp\/v2\/product_cat?post=22937"},{"taxonomy":"product_tag","embeddable":true,"href":"https:\/\/temovision.com\/fr\/wp-json\/wp\/v2\/product_tag?post=22937"}],"curies":[{"name":"wp","href":"https:\/\/api.w.org\/{rel}","templated":true}]}}